{"id":238,"date":"2020-06-30T16:52:43","date_gmt":"2020-06-30T19:52:43","guid":{"rendered":"https:\/\/www.livrariadocampus.com.br\/?post_type=product&#038;p=238"},"modified":"2024-11-27T15:53:34","modified_gmt":"2024-11-27T18:53:34","slug":"manual-harriet-lane-de-pediatria-portugues-2019-por-johns-hopkins-hospital","status":"publish","type":"product","link":"https:\/\/livrariadocampus.com.br\/loja\/produto\/manual-harriet-lane-de-pediatria-portugues-2019-por-johns-hopkins-hospital\/","title":{"rendered":"Manual Harriet Lane de Pediatria (Portugu\u00eas)  2019 por Johns Hopkins Hospital"},"content":{"rendered":"<p>O Harriet Lane vem sendo publicado h\u00e1 50 anos em parceria com o conceituado Departamento de Pediatria da John Hopkins e \u00e9 escrito pelos Chefes de Resid\u00eancia. \u00c9 desenhado mediante as necessidades da pr\u00e1tica di\u00e1ria dos residentes. Possui guias de diagn\u00f3stico, testes e informa\u00e7\u00e3o terap\u00eautica com dosagens, algoritmos, tabelas, quadros, que tornam a informa\u00e7\u00e3o acess\u00edvel e com respostas imediatas. Al\u00e9m do popular Formulary. &#8211; Oferece informa\u00e7\u00f5es r\u00e1pidas e precisas sobre o diagn\u00f3stico e o tratamento pedi\u00e1trico. &#8211; O Formul\u00e1rio de medicamentos pedi\u00e1tricos confi\u00e1vel e abrangente atualizado por Carlton K. K. Lee, PharmD, MPH, fornece o mais recente tratamento farmacol\u00f3gico de pacientes pedi\u00e1tricos. O formato de destaques modificado garante que voc\u00ea encontrar\u00e1 informa\u00e7\u00f5es de forma r\u00e1pida e f\u00e1cil, mesmo nas circunst\u00e2ncias mais exigentes. O conte\u00fado atualizado e expandido inclui o trabalho laboratorial relevante para condi\u00e7\u00f5es gen\u00e9ticas; infec\u00e7\u00f5es sexualmente transmiss\u00edveis e doen\u00e7a inflamat\u00f3ria p\u00e9lvica; dist\u00farbios das unhas e dist\u00farbios da pigmenta\u00e7\u00e3o; tratamento da acne; e febre de origem desconhecida, linfadenopatia e infec\u00e7\u00f5es virais. Cobertura expandida dos procedimentos pedi\u00e1tricos, incluindo mais procedimentos ultra-sonogr\u00e1ficos e guiados por ultrassom em linha. O cap\u00edtulo &#8220;Fluidos e eletr\u00f3litos&#8221; reestruturado ajuda a realizar c\u00e1lculos r\u00e1pidos \u00e0 beira do leito<\/p>\n","protected":false},"excerpt":{"rendered":"<p>O Harriet Lane vem sendo publicado h\u00e1 50 anos em parceria com o conceituado Departamento de Pediatria da John Hopkins e \u00e9 escrito pelos Chefes de Resid\u00eancia. \u00c9 desenhado mediante as necessidades da pr\u00e1tica di\u00e1ria dos residentes. Possui guias de diagn\u00f3stico, testes e informa\u00e7\u00e3o terap\u00eautica com dosagens, algoritmos, tabelas, quadros, que tornam a informa\u00e7\u00e3o acess\u00edvel&hellip;&nbsp;<a href=\"https:\/\/livrariadocampus.com.br\/loja\/produto\/manual-harriet-lane-de-pediatria-portugues-2019-por-johns-hopkins-hospital\/\" class=\"\" rel=\"bookmark\">Continue a ler &raquo;<span class=\"screen-reader-text\">Manual Harriet Lane de Pediatria (Portugu\u00eas)  2019 por Johns Hopkins Hospital<\/span><\/a><\/p>\n","protected":false},"featured_media":239,"template":"","meta":{"neve_meta_sidebar":"","neve_meta_container":"","neve_meta_enable_content_width":"off","neve_meta_content_width":0,"neve_meta_title_alignment":"","neve_meta_author_avatar":"","neve_post_elements_order":"","neve_meta_disable_header":"","neve_meta_disable_footer":"","neve_meta_disable_title":"","_joinchat":[]},"product_brand":[],"product_cat":[54,56],"product_tag":[],"class_list":{"0":"post-238","1":"product","2":"type-product","3":"status-publish","4":"has-post-thumbnail","6":"product_cat-emergencias-e-pronto-socorro","7":"product_cat-pediatria","9":"first","10":"instock","11":"sale","12":"shipping-taxable","13":"purchasable","14":"product-type-simple"},"jetpack_sharing_enabled":true,"_links":{"self":[{"href":"https:\/\/livrariadocampus.com.br\/loja\/wp-json\/wp\/v2\/product\/238","targetHints":{"allow":["GET"]}}],"collection":[{"href":"https:\/\/livrariadocampus.com.br\/loja\/wp-json\/wp\/v2\/product"}],"about":[{"href":"https:\/\/livrariadocampus.com.br\/loja\/wp-json\/wp\/v2\/types\/product"}],"wp:featuredmedia":[{"embeddable":true,"href":"https:\/\/livrariadocampus.com.br\/loja\/wp-json\/wp\/v2\/media\/239"}],"wp:attachment":[{"href":"https:\/\/livrariadocampus.com.br\/loja\/wp-json\/wp\/v2\/media?parent=238"}],"wp:term":[{"taxonomy":"product_brand","embeddable":true,"href":"https:\/\/livrariadocampus.com.br\/loja\/wp-json\/wp\/v2\/product_brand?post=238"},{"taxonomy":"product_cat","embeddable":true,"href":"https:\/\/livrariadocampus.com.br\/loja\/wp-json\/wp\/v2\/product_cat?post=238"},{"taxonomy":"product_tag","embeddable":true,"href":"https:\/\/livrariadocampus.com.br\/loja\/wp-json\/wp\/v2\/product_tag?post=238"}],"curies":[{"name":"wp","href":"https:\/\/api.w.org\/{rel}","templated":true}]}}