{"id":236,"date":"2020-06-30T16:47:31","date_gmt":"2020-06-30T19:47:31","guid":{"rendered":"https:\/\/www.livrariadocampus.com.br\/?post_type=product&#038;p=236"},"modified":"2025-01-02T11:09:19","modified_gmt":"2025-01-02T14:09:19","slug":"manual-de-dialise-portugues-2016","status":"publish","type":"product","link":"https:\/\/livrariadocampus.com.br\/loja\/produto\/manual-de-dialise-portugues-2016\/","title":{"rendered":"Manual de Di\u00e1lise (Portugu\u00eas) 2016"},"content":{"rendered":"<p>Refer\u00eancia indispens\u00e1vel a estudantes e profissionais da \u00e1rea de Nefrologia, este manual foi totalmente revisado para prover informa\u00e7\u00f5es e recomenda\u00e7\u00f5es atualizadas sobre todos os aspectos da terapia de di\u00e1lise.Manual de Di\u00e1lise, 5\u00aa edi\u00e7\u00e3o, oferece um conte\u00fado objetivo e baseado em evid\u00eancias, que aborda diversos t\u00f3picos relevantes \u00e0s quest\u00f5es pr\u00e1ticas da di\u00e1lise em situa\u00e7\u00f5es agudas e cr\u00f4nicas, al\u00e9m de revelar novas descobertas e op\u00e7\u00f5es de tratamento que entraram em uso desde a \u00faltima edi\u00e7\u00e3o. Proporciona ainda uma compreens\u00e3o profunda dos procedimentos de di\u00e1lise e auxilia o profissional a lidar com os desafios terap\u00eauticos impostos por esses pacientes.Organizada esquematicamente para facilitar a leitura e a consulta, e ilustrada com gr\u00e1ficos, tabelas e diagramas, esta edi\u00e7\u00e3o conta com diversas novidades, entre as quais se destacam: conte\u00fado ampliado sobre a institui\u00e7\u00e3o e o manejo do acesso vascular; abordagem da di\u00e1lise peritoneal de in\u00edcio urgente; novos cap\u00edtulos sobre a implementa\u00e7\u00e3o pr\u00e1tica da di\u00e1lise por sorvente e sobre hemodi\u00e1lise domiciliar e intensIVA<\/p>\n","protected":false},"excerpt":{"rendered":"<p>Refer\u00eancia indispens\u00e1vel a estudantes e profissionais da \u00e1rea de Nefrologia, este manual foi totalmente revisado para prover informa\u00e7\u00f5es e recomenda\u00e7\u00f5es atualizadas sobre todos os aspectos da terapia de di\u00e1lise.Manual de Di\u00e1lise, 5\u00aa edi\u00e7\u00e3o, oferece um conte\u00fado objetivo e baseado em evid\u00eancias, que aborda diversos t\u00f3picos relevantes \u00e0s quest\u00f5es pr\u00e1ticas da di\u00e1lise em situa\u00e7\u00f5es agudas e&hellip;&nbsp;<a href=\"https:\/\/livrariadocampus.com.br\/loja\/produto\/manual-de-dialise-portugues-2016\/\" class=\"\" rel=\"bookmark\">Continue a ler &raquo;<span class=\"screen-reader-text\">Manual de Di\u00e1lise (Portugu\u00eas) 2016<\/span><\/a><\/p>\n","protected":false},"featured_media":237,"template":"","meta":{"neve_meta_sidebar":"","neve_meta_container":"","neve_meta_enable_content_width":"off","neve_meta_content_width":0,"neve_meta_title_alignment":"","neve_meta_author_avatar":"","neve_post_elements_order":"","neve_meta_disable_header":"","neve_meta_disable_footer":"","neve_meta_disable_title":"","_joinchat":[]},"product_brand":[],"product_cat":[15,58,24,59],"product_tag":[],"class_list":{"0":"post-236","1":"product","2":"type-product","3":"status-publish","4":"has-post-thumbnail","6":"product_cat-outros","7":"product_cat-clinica-medica","8":"product_cat-destaques","9":"product_cat-nefrologia","11":"first","12":"instock","13":"shipping-taxable","14":"purchasable","15":"product-type-simple"},"jetpack_sharing_enabled":true,"_links":{"self":[{"href":"https:\/\/livrariadocampus.com.br\/loja\/wp-json\/wp\/v2\/product\/236","targetHints":{"allow":["GET"]}}],"collection":[{"href":"https:\/\/livrariadocampus.com.br\/loja\/wp-json\/wp\/v2\/product"}],"about":[{"href":"https:\/\/livrariadocampus.com.br\/loja\/wp-json\/wp\/v2\/types\/product"}],"wp:featuredmedia":[{"embeddable":true,"href":"https:\/\/livrariadocampus.com.br\/loja\/wp-json\/wp\/v2\/media\/237"}],"wp:attachment":[{"href":"https:\/\/livrariadocampus.com.br\/loja\/wp-json\/wp\/v2\/media?parent=236"}],"wp:term":[{"taxonomy":"product_brand","embeddable":true,"href":"https:\/\/livrariadocampus.com.br\/loja\/wp-json\/wp\/v2\/product_brand?post=236"},{"taxonomy":"product_cat","embeddable":true,"href":"https:\/\/livrariadocampus.com.br\/loja\/wp-json\/wp\/v2\/product_cat?post=236"},{"taxonomy":"product_tag","embeddable":true,"href":"https:\/\/livrariadocampus.com.br\/loja\/wp-json\/wp\/v2\/product_tag?post=236"}],"curies":[{"name":"wp","href":"https:\/\/api.w.org\/{rel}","templated":true}]}}