{"id":222,"date":"2020-06-30T15:35:07","date_gmt":"2020-06-30T18:35:07","guid":{"rendered":"https:\/\/www.livrariadocampus.com.br\/?post_type=product&#038;p=222"},"modified":"2024-11-26T18:02:12","modified_gmt":"2024-11-26T21:02:12","slug":"ventilacao-pulmonar-mecanica-em-neonatologia-e-pediatria-vol-2-2019-por-werther-brunow-de-carvalho","status":"publish","type":"product","link":"https:\/\/livrariadocampus.com.br\/loja\/produto\/ventilacao-pulmonar-mecanica-em-neonatologia-e-pediatria-vol-2-2019-por-werther-brunow-de-carvalho\/","title":{"rendered":"Ventila\u00e7\u00e3o Pulmonar Mec\u00e2nica em Neonatologia e Pediatria Vol. 2  2019 por Werther Brunow de Carvalho"},"content":{"rendered":"<p>O segundo volume da Cole\u00e7\u00e3o Ventila\u00e7\u00e3o Mec\u00e2nica em Neonatologia e Pediatria mant\u00e9m as caracter\u00edsticas inovadoras e especiais que tornaram esta Cole\u00e7\u00e3o um sucesso editorial. Todos os cap\u00edtulos foram escritos exclusivamente por um \u00fanico autor, o Professor Werther Brunow de Carvalho, o que possibilita que haja uma padroniza\u00e7\u00e3o did\u00e1tica do livro, que apresenta linguagem simples, clara e concisa. A publica\u00e7\u00e3o possui 13 cap\u00edtulos, que abordam temas de grande relev\u00e2ncia sobre o uso da ventila\u00e7\u00e3o mec\u00e2nica em todas as faixas et\u00e1rias, englobando desde o rec\u00e9m-nascido \u00e0 crian\u00e7a e possibilitando a assist\u00eancia integral ao paciente. Os cap\u00edtulos foram estruturados no formato pedag\u00f3gico com o intuito de facilitar a leitura e a consulta dos profissionais e estudantes durante o atendimento ao paciente. A produ\u00e7\u00e3o editorial foi criteriosamente planejada, com a elabora\u00e7\u00e3o de ilustra\u00e7\u00f5es desenvolvidas por ilustradores especializados em imagens m\u00e9dicas para facilitar a compreens\u00e3o dos conhecimentos apresentados pelo autor. A impress\u00e3o foi feita em cores com o objetivo de estimular a aprendizagem dos leitores. Todos os esfor\u00e7os foram realizados com o intuito de que este livro atenda \u00e0s suas expectativas e possa ser relevante para o seu aprendizado e atualiza\u00e7\u00e3o.<\/p>\n","protected":false},"excerpt":{"rendered":"<p>O segundo volume da Cole\u00e7\u00e3o Ventila\u00e7\u00e3o Mec\u00e2nica em Neonatologia e Pediatria mant\u00e9m as caracter\u00edsticas inovadoras e especiais que tornaram esta Cole\u00e7\u00e3o um sucesso editorial. Todos os cap\u00edtulos foram escritos exclusivamente por um \u00fanico autor, o Professor Werther Brunow de Carvalho, o que possibilita que haja uma padroniza\u00e7\u00e3o did\u00e1tica do livro, que apresenta linguagem simples, clara&hellip;&nbsp;<a href=\"https:\/\/livrariadocampus.com.br\/loja\/produto\/ventilacao-pulmonar-mecanica-em-neonatologia-e-pediatria-vol-2-2019-por-werther-brunow-de-carvalho\/\" class=\"\" rel=\"bookmark\">Continue a ler &raquo;<span class=\"screen-reader-text\">Ventila\u00e7\u00e3o Pulmonar Mec\u00e2nica em Neonatologia e Pediatria Vol. 2  2019 por Werther Brunow de Carvalho<\/span><\/a><\/p>\n","protected":false},"featured_media":223,"template":"","meta":{"neve_meta_sidebar":"","neve_meta_container":"","neve_meta_enable_content_width":"off","neve_meta_content_width":0,"neve_meta_title_alignment":"","neve_meta_author_avatar":"","neve_post_elements_order":"","neve_meta_disable_header":"","neve_meta_disable_footer":"","neve_meta_disable_title":"","_joinchat":[]},"product_brand":[],"product_cat":[54,25,56,55],"product_tag":[],"class_list":{"0":"post-222","1":"product","2":"type-product","3":"status-publish","4":"has-post-thumbnail","6":"product_cat-emergencias-e-pronto-socorro","7":"product_cat-lancamentos","8":"product_cat-pediatria","9":"product_cat-terapia-intensiva-adulto-e-pediatrico","11":"first","12":"instock","13":"sale","14":"shipping-taxable","15":"purchasable","16":"product-type-simple"},"jetpack_sharing_enabled":true,"_links":{"self":[{"href":"https:\/\/livrariadocampus.com.br\/loja\/wp-json\/wp\/v2\/product\/222","targetHints":{"allow":["GET"]}}],"collection":[{"href":"https:\/\/livrariadocampus.com.br\/loja\/wp-json\/wp\/v2\/product"}],"about":[{"href":"https:\/\/livrariadocampus.com.br\/loja\/wp-json\/wp\/v2\/types\/product"}],"wp:featuredmedia":[{"embeddable":true,"href":"https:\/\/livrariadocampus.com.br\/loja\/wp-json\/wp\/v2\/media\/223"}],"wp:attachment":[{"href":"https:\/\/livrariadocampus.com.br\/loja\/wp-json\/wp\/v2\/media?parent=222"}],"wp:term":[{"taxonomy":"product_brand","embeddable":true,"href":"https:\/\/livrariadocampus.com.br\/loja\/wp-json\/wp\/v2\/product_brand?post=222"},{"taxonomy":"product_cat","embeddable":true,"href":"https:\/\/livrariadocampus.com.br\/loja\/wp-json\/wp\/v2\/product_cat?post=222"},{"taxonomy":"product_tag","embeddable":true,"href":"https:\/\/livrariadocampus.com.br\/loja\/wp-json\/wp\/v2\/product_tag?post=222"}],"curies":[{"name":"wp","href":"https:\/\/api.w.org\/{rel}","templated":true}]}}