{"id":220,"date":"2020-06-30T15:29:41","date_gmt":"2020-06-30T18:29:41","guid":{"rendered":"https:\/\/www.livrariadocampus.com.br\/?post_type=product&#038;p=220"},"modified":"2025-01-17T15:13:25","modified_gmt":"2025-01-17T18:13:25","slug":"red-book-atlas-de-doencas-infecciosas-em-pediatria-2018","status":"publish","type":"product","link":"https:\/\/livrariadocampus.com.br\/loja\/produto\/red-book-atlas-de-doencas-infecciosas-em-pediatria-2018\/","title":{"rendered":"BAKER &#8211; RED BOOK\/ATLAS DOEN.INFEC.PEDIATRIA 3\/18"},"content":{"rendered":"<p>A 3\u00aa edi\u00e7\u00e3o de Red Book Atlas de Doen\u00e7as Infecciosas em Pediatria, da American Academy of Pediatrics (AAP), \u00e9 um resumo das principais informa\u00e7\u00f5es sobre doen\u00e7as e tem como objetivo ser um guia de estudo para estudantes, residentes e m\u00e9dicos. As fotografias das manifesta\u00e7\u00f5es cl\u00ednicas comuns e at\u00edpicas de doen\u00e7as infecciosas fornecem informa\u00e7\u00f5es diagn\u00f3sticas. A imagens junto com um resumo das manifesta\u00e7\u00f5es cl\u00ednicas, epidemiologia, m\u00e9todos de diagn\u00f3stico e informa\u00e7\u00f5es de tratamento servem como ferramenta de treinamento e refer\u00eancia r\u00e1pida. O Atlas Red Book n\u00e3o \u00e9 destinado a fornecer informa\u00e7\u00f5es detalhadas de tratamento e manejo de doen\u00e7as, mas propicia um panorama geral que pode ser refinado ao consultar textos de refer\u00eancia ou infectologistas.<\/p>\n","protected":false},"excerpt":{"rendered":"<p>A 3\u00aa edi\u00e7\u00e3o de Red Book Atlas de Doen\u00e7as Infecciosas em Pediatria, da American Academy of Pediatrics (AAP), \u00e9 um resumo das principais informa\u00e7\u00f5es sobre doen\u00e7as e tem como objetivo ser um guia de estudo para estudantes, residentes e m\u00e9dicos. As fotografias das manifesta\u00e7\u00f5es cl\u00ednicas comuns e at\u00edpicas de doen\u00e7as infecciosas fornecem informa\u00e7\u00f5es diagn\u00f3sticas. A&hellip;&nbsp;<a href=\"https:\/\/livrariadocampus.com.br\/loja\/produto\/red-book-atlas-de-doencas-infecciosas-em-pediatria-2018\/\" class=\"\" rel=\"bookmark\">Continue a ler &raquo;<span class=\"screen-reader-text\">BAKER &#8211; RED BOOK\/ATLAS DOEN.INFEC.PEDIATRIA 3\/18<\/span><\/a><\/p>\n","protected":false},"featured_media":221,"template":"","meta":{"neve_meta_sidebar":"","neve_meta_container":"","neve_meta_enable_content_width":"off","neve_meta_content_width":0,"neve_meta_title_alignment":"","neve_meta_author_avatar":"","neve_post_elements_order":"","neve_meta_disable_header":"","neve_meta_disable_footer":"","neve_meta_disable_title":"","_joinchat":[]},"product_brand":[],"product_cat":[15,57,25,56],"product_tag":[],"class_list":{"0":"post-220","1":"product","2":"type-product","3":"status-publish","4":"has-post-thumbnail","6":"product_cat-outros","7":"product_cat-doenca-infecciosas","8":"product_cat-lancamentos","9":"product_cat-pediatria","11":"first","12":"instock","13":"shipping-taxable","14":"purchasable","15":"product-type-simple"},"jetpack_sharing_enabled":true,"_links":{"self":[{"href":"https:\/\/livrariadocampus.com.br\/loja\/wp-json\/wp\/v2\/product\/220","targetHints":{"allow":["GET"]}}],"collection":[{"href":"https:\/\/livrariadocampus.com.br\/loja\/wp-json\/wp\/v2\/product"}],"about":[{"href":"https:\/\/livrariadocampus.com.br\/loja\/wp-json\/wp\/v2\/types\/product"}],"wp:featuredmedia":[{"embeddable":true,"href":"https:\/\/livrariadocampus.com.br\/loja\/wp-json\/wp\/v2\/media\/221"}],"wp:attachment":[{"href":"https:\/\/livrariadocampus.com.br\/loja\/wp-json\/wp\/v2\/media?parent=220"}],"wp:term":[{"taxonomy":"product_brand","embeddable":true,"href":"https:\/\/livrariadocampus.com.br\/loja\/wp-json\/wp\/v2\/product_brand?post=220"},{"taxonomy":"product_cat","embeddable":true,"href":"https:\/\/livrariadocampus.com.br\/loja\/wp-json\/wp\/v2\/product_cat?post=220"},{"taxonomy":"product_tag","embeddable":true,"href":"https:\/\/livrariadocampus.com.br\/loja\/wp-json\/wp\/v2\/product_tag?post=220"}],"curies":[{"name":"wp","href":"https:\/\/api.w.org\/{rel}","templated":true}]}}