{"id":217,"date":"2020-06-30T14:33:24","date_gmt":"2020-06-30T17:33:24","guid":{"rendered":"https:\/\/www.livrariadocampus.com.br\/?post_type=product&#038;p=217"},"modified":"2025-02-20T15:10:22","modified_gmt":"2025-02-20T18:10:22","slug":"terapia-intensiva-portugues-2020-por-werther-brunow-de-carvalho","status":"publish","type":"product","link":"https:\/\/livrariadocampus.com.br\/loja\/produto\/terapia-intensiva-portugues-2020-por-werther-brunow-de-carvalho\/","title":{"rendered":"CARVALHO &#8211; TERAPIA INTENSIVA &#8211; INST. DA CRIANCA 2\/20"},"content":{"rendered":"<p>1) Este livro aumenta a extens\u00e3o do conhecimento m\u00e9dico necess\u00e1rio para a pr\u00e1tica em unidade de cuidados intensivos. 2) Este livro cont\u00e9m temas atuais, permitindo ao intensivista ou que realiza resid\u00eancia m\u00e9dica uma reciclagem e atualiza\u00e7\u00e3o que lhe possibilite proporcionar melhor assist\u00eancia cl\u00ednica \u00e0 crian\u00e7a. 3) \u00c9 de grande utilidade a sua aplica\u00e7\u00e3o \u00e0 beira do leito, pois enfoca aspectos de informa\u00e7\u00e3o pr\u00e1tica. 4) Avalia as principais situa\u00e7\u00f5es cl\u00ednicas enfrentadas pelo intensivista pedi\u00e1trico.<\/p>\n","protected":false},"excerpt":{"rendered":"<p>1) Este livro aumenta a extens\u00e3o do conhecimento m\u00e9dico necess\u00e1rio para a pr\u00e1tica em unidade de cuidados intensivos. 2) Este livro cont\u00e9m temas atuais, permitindo ao intensivista ou que realiza resid\u00eancia m\u00e9dica uma reciclagem e atualiza\u00e7\u00e3o que lhe possibilite proporcionar melhor assist\u00eancia cl\u00ednica \u00e0 crian\u00e7a. 3) \u00c9 de grande utilidade a sua aplica\u00e7\u00e3o \u00e0 beira&hellip;&nbsp;<a href=\"https:\/\/livrariadocampus.com.br\/loja\/produto\/terapia-intensiva-portugues-2020-por-werther-brunow-de-carvalho\/\" class=\"\" rel=\"bookmark\">Continue a ler &raquo;<span class=\"screen-reader-text\">CARVALHO &#8211; TERAPIA INTENSIVA &#8211; INST. DA CRIANCA 2\/20<\/span><\/a><\/p>\n","protected":false},"featured_media":218,"template":"","meta":{"neve_meta_sidebar":"","neve_meta_container":"","neve_meta_enable_content_width":"off","neve_meta_content_width":0,"neve_meta_title_alignment":"","neve_meta_author_avatar":"","neve_post_elements_order":"","neve_meta_disable_header":"","neve_meta_disable_footer":"","neve_meta_disable_title":"","_joinchat":[]},"product_brand":[],"product_cat":[24,25,56],"product_tag":[],"class_list":{"0":"post-217","1":"product","2":"type-product","3":"status-publish","4":"has-post-thumbnail","6":"product_cat-destaques","7":"product_cat-lancamentos","8":"product_cat-pediatria","10":"first","11":"instock","12":"shipping-taxable","13":"purchasable","14":"product-type-simple"},"jetpack_sharing_enabled":true,"_links":{"self":[{"href":"https:\/\/livrariadocampus.com.br\/loja\/wp-json\/wp\/v2\/product\/217","targetHints":{"allow":["GET"]}}],"collection":[{"href":"https:\/\/livrariadocampus.com.br\/loja\/wp-json\/wp\/v2\/product"}],"about":[{"href":"https:\/\/livrariadocampus.com.br\/loja\/wp-json\/wp\/v2\/types\/product"}],"wp:featuredmedia":[{"embeddable":true,"href":"https:\/\/livrariadocampus.com.br\/loja\/wp-json\/wp\/v2\/media\/218"}],"wp:attachment":[{"href":"https:\/\/livrariadocampus.com.br\/loja\/wp-json\/wp\/v2\/media?parent=217"}],"wp:term":[{"taxonomy":"product_brand","embeddable":true,"href":"https:\/\/livrariadocampus.com.br\/loja\/wp-json\/wp\/v2\/product_brand?post=217"},{"taxonomy":"product_cat","embeddable":true,"href":"https:\/\/livrariadocampus.com.br\/loja\/wp-json\/wp\/v2\/product_cat?post=217"},{"taxonomy":"product_tag","embeddable":true,"href":"https:\/\/livrariadocampus.com.br\/loja\/wp-json\/wp\/v2\/product_tag?post=217"}],"curies":[{"name":"wp","href":"https:\/\/api.w.org\/{rel}","templated":true}]}}