{"id":215,"date":"2020-06-30T14:27:48","date_gmt":"2020-06-30T17:27:48","guid":{"rendered":"https:\/\/www.livrariadocampus.com.br\/?post_type=product&#038;p=215"},"modified":"2025-03-28T15:49:05","modified_gmt":"2025-03-28T18:49:05","slug":"n","status":"publish","type":"product","link":"https:\/\/livrariadocampus.com.br\/loja\/produto\/n\/","title":{"rendered":"SCHVARTSMAN &#8211; PRONTO SOCORRO-INST.CRIANCA 4\/2023"},"content":{"rendered":"<p>A terceira edi\u00e7\u00e3o de &#8220;Pronto-Socorro&#8221; foi planejada para aprofundar a colabora\u00e7\u00e3o com o pediatra que exerce sua profiss\u00e3o nos servi\u00e7os de emerg\u00eancia pedi\u00e1trica. Atualiza e amplia seu conte\u00fado e procura estabelecer uma liga\u00e7\u00e3o entre as principais doen\u00e7as agudas e cr\u00f4nicas da crian\u00e7a, associada \u00e0 vis\u00e3o do especialista e do intensivista, com foco principal no reconhecimento dos sinais de deteriora\u00e7\u00e3o cl\u00ednica e na abordagem inicial, visando ao diagn\u00f3stico e \u00e0 estabiliza\u00e7\u00e3o do paciente<\/p>\n","protected":false},"excerpt":{"rendered":"<p>A terceira edi\u00e7\u00e3o de &#8220;Pronto-Socorro&#8221; foi planejada para aprofundar a colabora\u00e7\u00e3o com o pediatra que exerce sua profiss\u00e3o nos servi\u00e7os de emerg\u00eancia pedi\u00e1trica. Atualiza e amplia seu conte\u00fado e procura estabelecer uma liga\u00e7\u00e3o entre as principais doen\u00e7as agudas e cr\u00f4nicas da crian\u00e7a, associada \u00e0 vis\u00e3o do especialista e do intensivista, com foco principal no reconhecimento&hellip;&nbsp;<a href=\"https:\/\/livrariadocampus.com.br\/loja\/produto\/n\/\" class=\"\" rel=\"bookmark\">Continue a ler &raquo;<span class=\"screen-reader-text\">SCHVARTSMAN &#8211; PRONTO SOCORRO-INST.CRIANCA 4\/2023<\/span><\/a><\/p>\n","protected":false},"featured_media":6816,"template":"","meta":{"neve_meta_sidebar":"","neve_meta_container":"","neve_meta_enable_content_width":"off","neve_meta_content_width":100,"neve_meta_title_alignment":"","neve_meta_author_avatar":"","neve_post_elements_order":"","neve_meta_disable_header":"","neve_meta_disable_footer":"","neve_meta_disable_title":"","_joinchat":[]},"product_brand":[],"product_cat":[76,55],"product_tag":[],"class_list":{"0":"post-215","1":"product","2":"type-product","3":"status-publish","4":"has-post-thumbnail","6":"product_cat-pediatria-neonatologia-pediatria-neonatologia","7":"product_cat-terapia-intensiva-adulto-e-pediatrico","9":"first","10":"instock","11":"sale","12":"shipping-taxable","13":"purchasable","14":"product-type-simple"},"jetpack_sharing_enabled":true,"_links":{"self":[{"href":"https:\/\/livrariadocampus.com.br\/loja\/wp-json\/wp\/v2\/product\/215","targetHints":{"allow":["GET"]}}],"collection":[{"href":"https:\/\/livrariadocampus.com.br\/loja\/wp-json\/wp\/v2\/product"}],"about":[{"href":"https:\/\/livrariadocampus.com.br\/loja\/wp-json\/wp\/v2\/types\/product"}],"wp:featuredmedia":[{"embeddable":true,"href":"https:\/\/livrariadocampus.com.br\/loja\/wp-json\/wp\/v2\/media\/6816"}],"wp:attachment":[{"href":"https:\/\/livrariadocampus.com.br\/loja\/wp-json\/wp\/v2\/media?parent=215"}],"wp:term":[{"taxonomy":"product_brand","embeddable":true,"href":"https:\/\/livrariadocampus.com.br\/loja\/wp-json\/wp\/v2\/product_brand?post=215"},{"taxonomy":"product_cat","embeddable":true,"href":"https:\/\/livrariadocampus.com.br\/loja\/wp-json\/wp\/v2\/product_cat?post=215"},{"taxonomy":"product_tag","embeddable":true,"href":"https:\/\/livrariadocampus.com.br\/loja\/wp-json\/wp\/v2\/product_tag?post=215"}],"curies":[{"name":"wp","href":"https:\/\/api.w.org\/{rel}","templated":true}]}}