{"id":210,"date":"2020-06-29T17:15:05","date_gmt":"2020-06-29T20:15:05","guid":{"rendered":"https:\/\/www.livrariadocampus.com.br\/?post_type=product&#038;p=210"},"modified":"2025-01-02T11:10:03","modified_gmt":"2025-01-02T14:10:03","slug":"manual-de-medicina-de-emergencia-2019","status":"publish","type":"product","link":"https:\/\/livrariadocampus.com.br\/loja\/produto\/manual-de-medicina-de-emergencia-2019\/","title":{"rendered":"(A) GUIMARAES &#8211; MANUAL MED.DE EMERGENCIA  2020"},"content":{"rendered":"<p>\u00c9 Lan\u00e7ado o livro que tem apoio da associa\u00e7\u00e3o Brasileira de Medicina de Emerg\u00eancia- ABRAMEDE E DO Instituto Paulista de Treinamento e Ensino &#8211; &#8216;IPATRE&#8217;. Destina-se ao titulo de especializa\u00e7\u00e3o em medicina de emerg\u00eancia &#8211; a mais nova especialidade medica dos pais<\/p>\n","protected":false},"excerpt":{"rendered":"<p>\u00c9 Lan\u00e7ado o livro que tem apoio da associa\u00e7\u00e3o Brasileira de Medicina de Emerg\u00eancia- ABRAMEDE E DO Instituto Paulista de Treinamento e Ensino &#8211; &#8216;IPATRE&#8217;. Destina-se ao titulo de especializa\u00e7\u00e3o em medicina de emerg\u00eancia &#8211; a mais nova especialidade medica dos pais<\/p>\n","protected":false},"featured_media":211,"template":"","meta":{"neve_meta_sidebar":"","neve_meta_container":"","neve_meta_enable_content_width":"off","neve_meta_content_width":0,"neve_meta_title_alignment":"","neve_meta_author_avatar":"","neve_post_elements_order":"","neve_meta_disable_header":"","neve_meta_disable_footer":"","neve_meta_disable_title":"","_joinchat":[]},"product_brand":[],"product_cat":[15,176,58,104,24,54,25,124],"product_tag":[],"class_list":{"0":"post-210","1":"product","2":"type-product","3":"status-publish","4":"has-post-thumbnail","6":"product_cat-outros","7":"product_cat-cirurgia","8":"product_cat-clinica-medica","9":"product_cat-clinica-medica-semiologia","10":"product_cat-destaques","11":"product_cat-emergencias-e-pronto-socorro","12":"product_cat-lancamentos","13":"product_cat-terapia-intensiva-medicina-de","15":"first","16":"instock","17":"shipping-taxable","18":"purchasable","19":"product-type-simple"},"jetpack_sharing_enabled":true,"_links":{"self":[{"href":"https:\/\/livrariadocampus.com.br\/loja\/wp-json\/wp\/v2\/product\/210","targetHints":{"allow":["GET"]}}],"collection":[{"href":"https:\/\/livrariadocampus.com.br\/loja\/wp-json\/wp\/v2\/product"}],"about":[{"href":"https:\/\/livrariadocampus.com.br\/loja\/wp-json\/wp\/v2\/types\/product"}],"wp:featuredmedia":[{"embeddable":true,"href":"https:\/\/livrariadocampus.com.br\/loja\/wp-json\/wp\/v2\/media\/211"}],"wp:attachment":[{"href":"https:\/\/livrariadocampus.com.br\/loja\/wp-json\/wp\/v2\/media?parent=210"}],"wp:term":[{"taxonomy":"product_brand","embeddable":true,"href":"https:\/\/livrariadocampus.com.br\/loja\/wp-json\/wp\/v2\/product_brand?post=210"},{"taxonomy":"product_cat","embeddable":true,"href":"https:\/\/livrariadocampus.com.br\/loja\/wp-json\/wp\/v2\/product_cat?post=210"},{"taxonomy":"product_tag","embeddable":true,"href":"https:\/\/livrariadocampus.com.br\/loja\/wp-json\/wp\/v2\/product_tag?post=210"}],"curies":[{"name":"wp","href":"https:\/\/api.w.org\/{rel}","templated":true}]}}