{"id":202,"date":"2020-06-29T16:50:55","date_gmt":"2020-06-29T19:50:55","guid":{"rendered":"https:\/\/www.livrariadocampus.com.br\/?post_type=product&#038;p=202"},"modified":"2025-02-04T15:42:55","modified_gmt":"2025-02-04T18:42:55","slug":"dermatologia-pediatrica-no-consultorio-2019","status":"publish","type":"product","link":"https:\/\/livrariadocampus.com.br\/loja\/produto\/dermatologia-pediatrica-no-consultorio-2019\/","title":{"rendered":"Dermatologia Pedi\u00e1trica no Consult\u00f3rio  2019"},"content":{"rendered":"<p>Sua equipe autoral \u00e9 formada por membros da Sociedade de Pediatria de SPSP.A Dermatologia Pedi\u00e1trica \u00e9 cap\u00edtulo especial da Dermatologia. Algumas dermatoses s\u00f3 ocorrem na inf\u00e2ncia, enquanto outras se apresentam de modo t\u00edpico o muito diferente quando de sua apresenta\u00e7\u00e3o nos adultos. A pele da crian\u00e7a tem caracter\u00edsticas anat\u00f4micas, funcionais e imunol\u00f3gicas ainda n\u00e3o desenvolvidas por completo em rela\u00e7\u00e3o \u00e0s do adulto. Isso faz com que a terap\u00eautica seja absolutamente diferenciada.O<\/p>\n","protected":false},"excerpt":{"rendered":"<p>Sua equipe autoral \u00e9 formada por membros da Sociedade de Pediatria de SPSP.A Dermatologia Pedi\u00e1trica \u00e9 cap\u00edtulo especial da Dermatologia. Algumas dermatoses s\u00f3 ocorrem na inf\u00e2ncia, enquanto outras se apresentam de modo t\u00edpico o muito diferente quando de sua apresenta\u00e7\u00e3o nos adultos. A pele da crian\u00e7a tem caracter\u00edsticas anat\u00f4micas, funcionais e imunol\u00f3gicas ainda n\u00e3o desenvolvidas&hellip;&nbsp;<a href=\"https:\/\/livrariadocampus.com.br\/loja\/produto\/dermatologia-pediatrica-no-consultorio-2019\/\" class=\"\" rel=\"bookmark\">Continue a ler &raquo;<span class=\"screen-reader-text\">Dermatologia Pedi\u00e1trica no Consult\u00f3rio  2019<\/span><\/a><\/p>\n","protected":false},"featured_media":203,"template":"","meta":{"neve_meta_sidebar":"","neve_meta_container":"","neve_meta_enable_content_width":"off","neve_meta_content_width":0,"neve_meta_title_alignment":"","neve_meta_author_avatar":"","neve_post_elements_order":"","neve_meta_disable_header":"","neve_meta_disable_footer":"","neve_meta_disable_title":"","_joinchat":[]},"product_brand":[],"product_cat":[15,24,25],"product_tag":[30],"class_list":{"0":"post-202","1":"product","2":"type-product","3":"status-publish","4":"has-post-thumbnail","6":"product_cat-outros","7":"product_cat-destaques","8":"product_cat-lancamentos","9":"product_tag-dermatologia-doenca-infessiosa","11":"first","12":"instock","13":"shipping-taxable","14":"purchasable","15":"product-type-simple"},"jetpack_sharing_enabled":true,"_links":{"self":[{"href":"https:\/\/livrariadocampus.com.br\/loja\/wp-json\/wp\/v2\/product\/202","targetHints":{"allow":["GET"]}}],"collection":[{"href":"https:\/\/livrariadocampus.com.br\/loja\/wp-json\/wp\/v2\/product"}],"about":[{"href":"https:\/\/livrariadocampus.com.br\/loja\/wp-json\/wp\/v2\/types\/product"}],"wp:featuredmedia":[{"embeddable":true,"href":"https:\/\/livrariadocampus.com.br\/loja\/wp-json\/wp\/v2\/media\/203"}],"wp:attachment":[{"href":"https:\/\/livrariadocampus.com.br\/loja\/wp-json\/wp\/v2\/media?parent=202"}],"wp:term":[{"taxonomy":"product_brand","embeddable":true,"href":"https:\/\/livrariadocampus.com.br\/loja\/wp-json\/wp\/v2\/product_brand?post=202"},{"taxonomy":"product_cat","embeddable":true,"href":"https:\/\/livrariadocampus.com.br\/loja\/wp-json\/wp\/v2\/product_cat?post=202"},{"taxonomy":"product_tag","embeddable":true,"href":"https:\/\/livrariadocampus.com.br\/loja\/wp-json\/wp\/v2\/product_tag?post=202"}],"curies":[{"name":"wp","href":"https:\/\/api.w.org\/{rel}","templated":true}]}}