{"id":195,"date":"2020-06-29T15:39:38","date_gmt":"2020-06-29T18:39:38","guid":{"rendered":"https:\/\/www.livrariadocampus.com.br\/?post_type=product&#038;p=195"},"modified":"2024-12-03T14:25:05","modified_gmt":"2024-12-03T17:25:05","slug":"manual-de-pronto-socorro-2ed-2020","status":"publish","type":"product","link":"https:\/\/livrariadocampus.com.br\/loja\/produto\/manual-de-pronto-socorro-2ed-2020\/","title":{"rendered":"AMEREPAM &#8211; MANUAL DE PRONTO-SOCORRO 2\/18"},"content":{"rendered":"<p>A s\u00e9rie Manual do Residente da Associa\u00e7\u00e3o dos M\u00e9dicos Residentes da Escola Paulista de Medicina foi elaborada com o objetivo de contribuir para a boa pr\u00e1tica cl\u00ednica. Cada livro traz informa\u00e7\u00f5es relevantes e precisas, tornando-se indispens\u00e1vel a todos os m\u00e9dicos que desejam se atualizar em sua \u00e1rea de conhecimento.<\/p>\n","protected":false},"excerpt":{"rendered":"<p>A s\u00e9rie Manual do Residente da Associa\u00e7\u00e3o dos M\u00e9dicos Residentes da Escola Paulista de Medicina foi elaborada com o objetivo de contribuir para a boa pr\u00e1tica cl\u00ednica. Cada livro traz informa\u00e7\u00f5es relevantes e precisas, tornando-se indispens\u00e1vel a todos os m\u00e9dicos que desejam se atualizar em sua \u00e1rea de conhecimento.<\/p>\n","protected":false},"featured_media":196,"template":"","meta":{"neve_meta_sidebar":"","neve_meta_container":"","neve_meta_enable_content_width":"off","neve_meta_content_width":0,"neve_meta_title_alignment":"","neve_meta_author_avatar":"","neve_post_elements_order":"","neve_meta_disable_header":"","neve_meta_disable_footer":"","neve_meta_disable_title":"","_joinchat":[]},"product_brand":[],"product_cat":[53,24,54,25],"product_tag":[],"class_list":{"0":"post-195","1":"product","2":"type-product","3":"status-publish","4":"has-post-thumbnail","6":"product_cat-botanica","7":"product_cat-destaques","8":"product_cat-emergencias-e-pronto-socorro","9":"product_cat-lancamentos","11":"first","12":"instock","13":"shipping-taxable","14":"purchasable","15":"product-type-simple"},"jetpack_sharing_enabled":true,"_links":{"self":[{"href":"https:\/\/livrariadocampus.com.br\/loja\/wp-json\/wp\/v2\/product\/195","targetHints":{"allow":["GET"]}}],"collection":[{"href":"https:\/\/livrariadocampus.com.br\/loja\/wp-json\/wp\/v2\/product"}],"about":[{"href":"https:\/\/livrariadocampus.com.br\/loja\/wp-json\/wp\/v2\/types\/product"}],"wp:featuredmedia":[{"embeddable":true,"href":"https:\/\/livrariadocampus.com.br\/loja\/wp-json\/wp\/v2\/media\/196"}],"wp:attachment":[{"href":"https:\/\/livrariadocampus.com.br\/loja\/wp-json\/wp\/v2\/media?parent=195"}],"wp:term":[{"taxonomy":"product_brand","embeddable":true,"href":"https:\/\/livrariadocampus.com.br\/loja\/wp-json\/wp\/v2\/product_brand?post=195"},{"taxonomy":"product_cat","embeddable":true,"href":"https:\/\/livrariadocampus.com.br\/loja\/wp-json\/wp\/v2\/product_cat?post=195"},{"taxonomy":"product_tag","embeddable":true,"href":"https:\/\/livrariadocampus.com.br\/loja\/wp-json\/wp\/v2\/product_tag?post=195"}],"curies":[{"name":"wp","href":"https:\/\/api.w.org\/{rel}","templated":true}]}}