{"id":186,"date":"2020-06-29T14:48:20","date_gmt":"2020-06-29T17:48:20","guid":{"rendered":"https:\/\/www.livrariadocampus.com.br\/?post_type=product&#038;p=186"},"modified":"2025-01-02T11:10:20","modified_gmt":"2025-01-02T14:10:20","slug":"manual-de-clinica-medica-1-ed-2020","status":"publish","type":"product","link":"https:\/\/livrariadocampus.com.br\/loja\/produto\/manual-de-clinica-medica-1-ed-2020\/","title":{"rendered":"AMEREPAM &#8211; MANUAL DE CLINICA MEDICA 1\/20"},"content":{"rendered":"<p>Um manual de aux\u00edlio ambulatorial. Baseado nas recentes evid\u00eancias cient\u00edficas, Manual de Cl\u00ednica M\u00e9dica, da Associa\u00e7\u00e3o dos M\u00e9dicos Residentes da Escola Paulista de Medicina, traz informa\u00e7\u00f5es pr\u00e1ticas e precisas que contribuem para a boa pr\u00e1tica cl\u00ednica. Dividido em diferentes \u00e1reas da cl\u00ednica m\u00e9dica, este livro foi escrito por m\u00e9dicos residentes e contempla os pontos importantes das principais patologias atendidas no cen\u00e1rio extra-hospitalar. Com texto de f\u00e1cil leitura e informa\u00e7\u00f5es pr\u00e1ticas, o Manual do Residente da Amerepam \u00e9 fonte confi\u00e1vel para estudo e aux\u00edlio na tomada de condutas.<\/p>\n","protected":false},"excerpt":{"rendered":"<p>Um manual de aux\u00edlio ambulatorial. Baseado nas recentes evid\u00eancias cient\u00edficas, Manual de Cl\u00ednica M\u00e9dica, da Associa\u00e7\u00e3o dos M\u00e9dicos Residentes da Escola Paulista de Medicina, traz informa\u00e7\u00f5es pr\u00e1ticas e precisas que contribuem para a boa pr\u00e1tica cl\u00ednica. Dividido em diferentes \u00e1reas da cl\u00ednica m\u00e9dica, este livro foi escrito por m\u00e9dicos residentes e contempla os pontos importantes&hellip;&nbsp;<a href=\"https:\/\/livrariadocampus.com.br\/loja\/produto\/manual-de-clinica-medica-1-ed-2020\/\" class=\"\" rel=\"bookmark\">Continue a ler &raquo;<span class=\"screen-reader-text\">AMEREPAM &#8211; MANUAL DE CLINICA MEDICA 1\/20<\/span><\/a><\/p>\n","protected":false},"featured_media":187,"template":"","meta":{"neve_meta_sidebar":"","neve_meta_container":"","neve_meta_enable_content_width":"off","neve_meta_content_width":0,"neve_meta_title_alignment":"","neve_meta_author_avatar":"","neve_post_elements_order":"","neve_meta_disable_header":"","neve_meta_disable_footer":"","neve_meta_disable_title":"","_joinchat":[]},"product_brand":[],"product_cat":[15],"product_tag":[],"class_list":{"0":"post-186","1":"product","2":"type-product","3":"status-publish","4":"has-post-thumbnail","6":"product_cat-outros","8":"first","9":"instock","10":"shipping-taxable","11":"purchasable","12":"product-type-simple"},"jetpack_sharing_enabled":true,"_links":{"self":[{"href":"https:\/\/livrariadocampus.com.br\/loja\/wp-json\/wp\/v2\/product\/186","targetHints":{"allow":["GET"]}}],"collection":[{"href":"https:\/\/livrariadocampus.com.br\/loja\/wp-json\/wp\/v2\/product"}],"about":[{"href":"https:\/\/livrariadocampus.com.br\/loja\/wp-json\/wp\/v2\/types\/product"}],"wp:featuredmedia":[{"embeddable":true,"href":"https:\/\/livrariadocampus.com.br\/loja\/wp-json\/wp\/v2\/media\/187"}],"wp:attachment":[{"href":"https:\/\/livrariadocampus.com.br\/loja\/wp-json\/wp\/v2\/media?parent=186"}],"wp:term":[{"taxonomy":"product_brand","embeddable":true,"href":"https:\/\/livrariadocampus.com.br\/loja\/wp-json\/wp\/v2\/product_brand?post=186"},{"taxonomy":"product_cat","embeddable":true,"href":"https:\/\/livrariadocampus.com.br\/loja\/wp-json\/wp\/v2\/product_cat?post=186"},{"taxonomy":"product_tag","embeddable":true,"href":"https:\/\/livrariadocampus.com.br\/loja\/wp-json\/wp\/v2\/product_tag?post=186"}],"curies":[{"name":"wp","href":"https:\/\/api.w.org\/{rel}","templated":true}]}}