{"id":1631,"date":"2020-07-02T14:54:49","date_gmt":"2020-07-02T17:54:49","guid":{"rendered":"https:\/\/www.livrariadocampus.com.br\/?post_type=product&#038;p=1631"},"modified":"2023-06-13T10:59:09","modified_gmt":"2023-06-13T13:59:09","slug":"manica-anestesiologia-portugues-capa-dura-2017","status":"publish","type":"product","link":"https:\/\/livrariadocampus.com.br\/loja\/produto\/manica-anestesiologia-portugues-capa-dura-2017\/","title":{"rendered":"manica Anestesiologia (Portugu\u00eas) Capa dura \u2013 2017"},"content":{"rendered":"<p>Chancelado pela SBA, esta obra \u00e9 refer\u00eancia no aprendizado de anestesiologia no Brasil, mantendo a ess\u00eancia de livro-texto did\u00e1tico e amplamente ilustrado que a consagrou, contando com a autoria de mais de 150 autores \u2013 destaques nacionais em suas \u00e1reas de atua\u00e7\u00e3o. Al\u00e9m de totalmente atualizada, re\u00fane 13 novos cap\u00edtulos, oferecendo os conhecimentos da anestesiologia com o detalhamento e o cuidado cient\u00edfico necess\u00e1rios que garantem a excel\u00eancia das informa\u00e7\u00f5es. Esta nova edi\u00e7\u00e3o re\u00fane quest\u00f5es recentes das provas para o TSA!<\/p>\n","protected":false},"excerpt":{"rendered":"<p>Chancelado pela SBA, esta obra \u00e9 refer\u00eancia no aprendizado de anestesiologia no Brasil, mantendo a ess\u00eancia de livro-texto did\u00e1tico e amplamente ilustrado que a consagrou, contando com a autoria de mais de 150 autores \u2013 destaques nacionais em suas \u00e1reas de atua\u00e7\u00e3o. Al\u00e9m de totalmente atualizada, re\u00fane 13 novos cap\u00edtulos, oferecendo os conhecimentos da anestesiologia&hellip;&nbsp;<a href=\"https:\/\/livrariadocampus.com.br\/loja\/produto\/manica-anestesiologia-portugues-capa-dura-2017\/\" class=\"\" rel=\"bookmark\">Continue a ler &raquo;<span class=\"screen-reader-text\">manica Anestesiologia (Portugu\u00eas) Capa dura \u2013 2017<\/span><\/a><\/p>\n","protected":false},"featured_media":1632,"template":"","meta":{"neve_meta_sidebar":"","neve_meta_container":"","neve_meta_enable_content_width":"off","neve_meta_content_width":0,"neve_meta_title_alignment":"","neve_meta_author_avatar":"","neve_post_elements_order":"","neve_meta_disable_header":"","neve_meta_disable_footer":"","neve_meta_disable_title":"","_joinchat":[]},"product_brand":[],"product_cat":[70],"product_tag":[],"class_list":{"0":"post-1631","1":"product","2":"type-product","3":"status-publish","4":"has-post-thumbnail","6":"product_cat-anestesiologia","8":"first","9":"outofstock","10":"shipping-taxable","11":"product-type-simple"},"jetpack_sharing_enabled":true,"_links":{"self":[{"href":"https:\/\/livrariadocampus.com.br\/loja\/wp-json\/wp\/v2\/product\/1631","targetHints":{"allow":["GET"]}}],"collection":[{"href":"https:\/\/livrariadocampus.com.br\/loja\/wp-json\/wp\/v2\/product"}],"about":[{"href":"https:\/\/livrariadocampus.com.br\/loja\/wp-json\/wp\/v2\/types\/product"}],"wp:featuredmedia":[{"embeddable":true,"href":"https:\/\/livrariadocampus.com.br\/loja\/wp-json\/wp\/v2\/media\/1632"}],"wp:attachment":[{"href":"https:\/\/livrariadocampus.com.br\/loja\/wp-json\/wp\/v2\/media?parent=1631"}],"wp:term":[{"taxonomy":"product_brand","embeddable":true,"href":"https:\/\/livrariadocampus.com.br\/loja\/wp-json\/wp\/v2\/product_brand?post=1631"},{"taxonomy":"product_cat","embeddable":true,"href":"https:\/\/livrariadocampus.com.br\/loja\/wp-json\/wp\/v2\/product_cat?post=1631"},{"taxonomy":"product_tag","embeddable":true,"href":"https:\/\/livrariadocampus.com.br\/loja\/wp-json\/wp\/v2\/product_tag?post=1631"}],"curies":[{"name":"wp","href":"https:\/\/api.w.org\/{rel}","templated":true}]}}