{"id":1458,"date":"2020-07-02T12:36:15","date_gmt":"2020-07-02T15:36:15","guid":{"rendered":"https:\/\/www.livrariadocampus.com.br\/produto\/miot-protocolos-condutas-dermatologia-2-17\/"},"modified":"2023-06-13T11:19:22","modified_gmt":"2023-06-13T14:19:22","slug":"miot-protocolos-condutas-dermatologia-2-17","status":"publish","type":"product","link":"https:\/\/livrariadocampus.com.br\/loja\/produto\/miot-protocolos-condutas-dermatologia-2-17\/","title":{"rendered":"MIOT &#8211; PROTOCOLOS CONDUTAS DERMATOLOGIA 2\/17"},"content":{"rendered":"<p>A Dermatologia tem se desenvolvido com muita velocidade e a dificuldade de atualiza\u00e7\u00e3o nos diversos temas \u00e9 patente. D\u00favidas sobre investiga\u00e7\u00e3o inicial e terap\u00eauticas de primeira escolha s\u00e3o cada vez mais complexas. A segunda edi\u00e7\u00e3o de Protocolo de Condutas em Dermatologia, revisada e ampliada, n\u00e3o encerra todas as possibilidades terap\u00eauticas, mas direciona as principais indica\u00e7\u00f5es e aten\u00e7\u00f5es para um grupo de mais de 200 situa\u00e7\u00f5es cl\u00ednicas e cir\u00fargicas comuns na pr\u00e1tica di\u00e1ria.\u00a0 R\u00e1pido, pr\u00e1tico e, sobretudo, port\u00e1til, este manual padroniza o primeiro atendimento e alerta para aspectos importantes inerentes a cada doen\u00e7a ou s\u00edndrome, sendo indicado para profissionais e estudantes que procuram agilidade e qualidade no exerc\u00edcio da Dermatologia.<\/p>\n","protected":false},"excerpt":{"rendered":"<p>A Dermatologia tem se desenvolvido com muita velocidade e a dificuldade de atualiza\u00e7\u00e3o nos diversos temas \u00e9 patente. D\u00favidas sobre investiga\u00e7\u00e3o inicial e terap\u00eauticas de primeira escolha s\u00e3o cada vez mais complexas. A segunda edi\u00e7\u00e3o de Protocolo de Condutas em Dermatologia, revisada e ampliada, n\u00e3o encerra todas as possibilidades terap\u00eauticas, mas direciona as principais indica\u00e7\u00f5es&hellip;&nbsp;<a href=\"https:\/\/livrariadocampus.com.br\/loja\/produto\/miot-protocolos-condutas-dermatologia-2-17\/\" class=\"\" rel=\"bookmark\">Continue a ler &raquo;<span class=\"screen-reader-text\">MIOT &#8211; PROTOCOLOS CONDUTAS DERMATOLOGIA 2\/17<\/span><\/a><\/p>\n","protected":false},"featured_media":5890,"template":"","meta":{"neve_meta_sidebar":"","neve_meta_container":"","neve_meta_enable_content_width":"off","neve_meta_content_width":0,"neve_meta_title_alignment":"","neve_meta_author_avatar":"","neve_post_elements_order":"","neve_meta_disable_header":"","neve_meta_disable_footer":"","neve_meta_disable_title":"","_joinchat":[]},"product_brand":[],"product_cat":[15,104,61],"product_tag":[],"class_list":{"0":"post-1458","1":"product","2":"type-product","3":"status-publish","4":"has-post-thumbnail","6":"product_cat-outros","7":"product_cat-clinica-medica-semiologia","8":"product_cat-dermatologia","10":"first","11":"outofstock","12":"shipping-taxable","13":"product-type-simple"},"jetpack_sharing_enabled":true,"_links":{"self":[{"href":"https:\/\/livrariadocampus.com.br\/loja\/wp-json\/wp\/v2\/product\/1458","targetHints":{"allow":["GET"]}}],"collection":[{"href":"https:\/\/livrariadocampus.com.br\/loja\/wp-json\/wp\/v2\/product"}],"about":[{"href":"https:\/\/livrariadocampus.com.br\/loja\/wp-json\/wp\/v2\/types\/product"}],"wp:featuredmedia":[{"embeddable":true,"href":"https:\/\/livrariadocampus.com.br\/loja\/wp-json\/wp\/v2\/media\/5890"}],"wp:attachment":[{"href":"https:\/\/livrariadocampus.com.br\/loja\/wp-json\/wp\/v2\/media?parent=1458"}],"wp:term":[{"taxonomy":"product_brand","embeddable":true,"href":"https:\/\/livrariadocampus.com.br\/loja\/wp-json\/wp\/v2\/product_brand?post=1458"},{"taxonomy":"product_cat","embeddable":true,"href":"https:\/\/livrariadocampus.com.br\/loja\/wp-json\/wp\/v2\/product_cat?post=1458"},{"taxonomy":"product_tag","embeddable":true,"href":"https:\/\/livrariadocampus.com.br\/loja\/wp-json\/wp\/v2\/product_tag?post=1458"}],"curies":[{"name":"wp","href":"https:\/\/api.w.org\/{rel}","templated":true}]}}