{"id":97,"date":"2020-04-15T08:18:32","date_gmt":"2020-04-15T11:18:32","guid":{"rendered":"https:\/\/demosites.io\/perfume-shop\/cart\/"},"modified":"2024-06-06T10:03:49","modified_gmt":"2024-06-06T13:03:49","slug":"cart","status":"publish","type":"page","link":"https:\/\/livrariadocampus.com.br\/loja\/cart\/","title":{"rendered":"Meu Carrinho"},"content":{"rendered":"\t\t<div data-elementor-type=\"wp-page\" data-elementor-id=\"97\" class=\"elementor elementor-97\" data-elementor-post-type=\"page\">\n\t\t\t\t\t\t<section class=\"elementor-section elementor-top-section elementor-element elementor-element-4ed53ca elementor-section-boxed elementor-section-height-default elementor-section-height-default\" data-id=\"4ed53ca\" data-element_type=\"section\">\n\t\t\t\t\t\t<div class=\"elementor-container elementor-column-gap-default\">\n\t\t\t\t\t<div class=\"elementor-column elementor-col-100 elementor-top-column elementor-element elementor-element-7100d9b\" data-id=\"7100d9b\" data-element_type=\"column\">\n\t\t\t<div class=\"elementor-widget-wrap elementor-element-populated\">\n\t\t\t\t\t\t<div class=\"elementor-element elementor-element-6043a2b elementor-widget elementor-widget-eael-woo-cart\" data-id=\"6043a2b\" data-element_type=\"widget\" data-settings=\"{&quot;eael_woo_cart_components_continue_shopping_icon&quot;:{&quot;value&quot;:&quot;far fa-arrow-alt-circle-right&quot;,&quot;library&quot;:&quot;fa-regular&quot;},&quot;eael_woo_cart_table_components_remove_icon&quot;:{&quot;value&quot;:&quot;fas fa-times&quot;,&quot;library&quot;:&quot;fa-solid&quot;}}\" data-widget_type=\"eael-woo-cart.default\">\n\t\t\t\t<div class=\"elementor-widget-container\">\n\t\t\t\t\t\t\t\t\t<div class=\"eael-woo-cart-wrapper eael-woo-cart-empty eael-woo-style-2 eael-auto-update33\">\n\t\t\t\t<div class=\"woocommerce-notices-wrapper\"><\/div><div class=\"wc-empty-cart-message\">\n\t<div class=\"cart-empty woocommerce-info\">\n\t\tSeu carrinho est\u00e1 vazio no momento.\t<\/div>\n<\/div>\t<p class=\"return-to-shop\">\n\t\t<a class=\"button wc-backward\" href=\"https:\/\/livrariadocampus.com.br\/loja\/?page_id=96\">\n\t\t\tRetornar para a loja\t\t<\/a>\n\t<\/p>\n                <\/div>\n\t\t\t\t        <script>document.body.classList.add(\"eael-woo-cart\");<\/script>\n\t\t\t\t\t\t<\/div>\n\t\t\t\t<\/div>\n\t\t\t\t\t<\/div>\n\t\t<\/div>\n\t\t\t\t\t<\/div>\n\t\t<\/section>\n\t\t\t\t<\/div>\n\t\t","protected":false},"excerpt":{"rendered":"<p>Product Title Price Quantity Subtotal AMEREPAM &#8211; MANUAL DE PRONTO-SOCORRO 2\/18 #9788527733977 &#82;&#36;238,00 AMEREPAM &#8211; MANUAL DE PRONTO-SOCORRO 2\/18 quantidade &#82;&#36;238,00 A economia mundial da energia Capa comum \u20132010 por Jean-Marie Martin (Autor), \u00c9lcio Fernandes (Tradutor) &#82;&#36;34,00 1 &#82;&#36;34,00 Doen\u00e7as Autoinflamat\u00f3rias &#8211; Uma Abordagem Sist\u00eamica 2024 por F\u00e1bio Fernandes Morato Castro LAN\u00c7AMENTO &#82;&#36;189,00 1 &#82;&#36;189,00&hellip;&nbsp;<a href=\"https:\/\/livrariadocampus.com.br\/loja\/cart\/\" class=\"\" rel=\"bookmark\">Continue a ler &raquo;<span class=\"screen-reader-text\">Meu Carrinho<\/span><\/a><\/p>\n","protected":false},"author":1,"featured_media":0,"parent":0,"menu_order":0,"comment_status":"closed","ping_status":"closed","template":"elementor_header_footer","meta":{"neve_meta_sidebar":"full-width","neve_meta_container":"","neve_meta_enable_content_width":"on","neve_meta_content_width":100,"neve_meta_title_alignment":"","neve_meta_author_avatar":"","neve_post_elements_order":"","neve_meta_disable_header":"","neve_meta_disable_footer":"","neve_meta_disable_title":"","_joinchat":[],"footnotes":""},"class_list":["post-97","page","type-page","status-publish","hentry"],"jetpack_sharing_enabled":true,"_links":{"self":[{"href":"https:\/\/livrariadocampus.com.br\/loja\/wp-json\/wp\/v2\/pages\/97","targetHints":{"allow":["GET"]}}],"collection":[{"href":"https:\/\/livrariadocampus.com.br\/loja\/wp-json\/wp\/v2\/pages"}],"about":[{"href":"https:\/\/livrariadocampus.com.br\/loja\/wp-json\/wp\/v2\/types\/page"}],"author":[{"embeddable":true,"href":"https:\/\/livrariadocampus.com.br\/loja\/wp-json\/wp\/v2\/users\/1"}],"replies":[{"embeddable":true,"href":"https:\/\/livrariadocampus.com.br\/loja\/wp-json\/wp\/v2\/comments?post=97"}],"version-history":[{"count":37,"href":"https:\/\/livrariadocampus.com.br\/loja\/wp-json\/wp\/v2\/pages\/97\/revisions"}],"predecessor-version":[{"id":7415,"href":"https:\/\/livrariadocampus.com.br\/loja\/wp-json\/wp\/v2\/pages\/97\/revisions\/7415"}],"wp:attachment":[{"href":"https:\/\/livrariadocampus.com.br\/loja\/wp-json\/wp\/v2\/media?parent=97"}],"curies":[{"name":"wp","href":"https:\/\/api.w.org\/{rel}","templated":true}]}}